{"id":93,"date":"2025-05-19T19:51:02","date_gmt":"2025-05-19T17:51:02","guid":{"rendered":"https:\/\/coeur-chats-mannes.fr\/?page_id=93"},"modified":"2025-06-08T20:02:53","modified_gmt":"2025-06-08T18:02:53","slug":"adopter","status":"publish","type":"page","link":"https:\/\/coeur-chats-mannes.fr\/index.php\/adopter\/","title":{"rendered":"Adopter un chat"},"content":{"rendered":"\n<p><\/p>\n\n\n\n<h3 class=\"wp-block-heading\">Le processus d&rsquo;adoption<\/h3>\n\n\n\n<p>Notre processus d&rsquo;adoption se d\u00e9compose en \u00e9tapes :<\/p>\n\n\n\n<ol class=\"wp-block-list\">\n<li><strong>Formulaire d&rsquo;adoption<\/strong> : remplissez et envoyez-nous le formulaire d&rsquo;adoption, afin que nous puissions cibler votre demande.<\/li>\n\n\n\n<li><strong>Entretien t\u00e9l\u00e9phonique<\/strong> : via une discussion, nous pourrons \u00e9changer sur votre souhait d&rsquo;adopter un chat, en fonction de vos pr\u00e9f\u00e9rences, votre mode de vie, le lieu dans lequel vous vivez, etc.<\/li>\n\n\n\n<li><strong>Rencontre avec les chats<\/strong> : ce moment vous permet de rencontrer diff\u00e9rents chats et de passer un moment avec chacun d&rsquo;entre eux.<\/li>\n\n\n\n<li><strong>Visite dans votre domicile<\/strong> : si n\u00e9cessaire, une visite dans votre domicile peut \u00eatre r\u00e9alis\u00e9e pour confirmer que le lieu est ad\u00e9quat avec les conditions de vie du chat \u00e0 adopter.<\/li>\n\n\n\n<li><strong>Validation de l&rsquo;adoption d&rsquo;un ou plusieurs chats<\/strong> : ce moment nous permet de vous confirmer les chats que vous adopterez.<\/li>\n\n\n\n<li><strong>Lecture et signature du certificat d&rsquo;engagement<\/strong> : ce document vous permet de prendre connaissance et \u00e0 pr\u00e9venir la maltraitance animale, les abandons et les acquisitions impulsives. Il doit \u00eatre compl\u00e9t\u00e9 et sign\u00e9 au moins 7 jours avant l&rsquo;adoption. Une fois sign\u00e9, ce certificat reste valide pour toute future adoption d&rsquo;un chat.<\/li>\n\n\n\n<li><strong>L&rsquo;adoption<\/strong> : vous venez chercher dans une cage de transport le chats adopt\u00e9.<\/li>\n<\/ol>\n\n\n\n<h3 class=\"wp-block-heading\">Le formulaire d&rsquo;adoption<\/h3>\n\n\n\n<p>Vous souhaitez adopter un chat ? Vous pouvez nous en faire part en remplissant puis envoyant ce <a href=\"\/index.php\/form-adoption\">formulaire d&rsquo;adoption<\/a>.<\/p>\n\n\n\n<h3 class=\"wp-block-heading\">Les tarifs d&rsquo;adoption<\/h3>\n\n\n\n<p>&#8230;<\/p>\n\n\n\n<h3 class=\"wp-block-heading\">Les documents<\/h3>\n\n\n\n<p>Lors de la signature du contrat d&rsquo;adoption, vous devrez fournir les documents suivants :<\/p>\n\n\n\n<ul class=\"wp-block-list\">\n<li>Photocopie de la carte d&rsquo;identit\u00e9 recto \/ verso<\/li>\n\n\n\n<li>Justificatif de domicile de moins de 3 mois<\/li>\n\n\n\n<li>Certificat d&rsquo;engagement dat\u00e9 et sign\u00e9<\/li>\n<\/ul>\n\n\n\n<p>Suite \u00e0 l&rsquo;adoption, vous vous remettrons :<\/p>\n\n\n\n<ul class=\"wp-block-list\">\n<li>Le carnet de vaccination du chat<\/li>\n\n\n\n<li>Votre certificat d&rsquo;engagement<\/li>\n<\/ul>\n\n\n\n<h3 class=\"wp-block-heading\">Apr\u00e8s l&rsquo;adoption<\/h3>\n\n\n\n<p>Apr\u00e8s l&rsquo;adoption, nous prendrons des nouvelles du chat adopt\u00e9, afin de nous assurer que son int\u00e9gration au sein de votre foyer se passe bien.<\/p>\n\n\n\n<h3 class=\"wp-block-heading\">Les chats candidats \u00e0 l&rsquo;adoption<\/h3>\n\n\n\n<p>Vous pouvez consulter la liste des chats candidats \u00e0 l&rsquo;adoption en cliquant <a href=\"\/index.php\/chats-a-adopter\">ici<\/a>.<\/p>\n\n\n\n<p><\/p>\n","protected":false},"excerpt":{"rendered":"<p>Le processus d&rsquo;adoption Notre processus d&rsquo;adoption se d\u00e9compose en \u00e9tapes : Le formulaire d&rsquo;adoption Vous souhaitez adopter un chat ? Vous pouvez nous en faire part en remplissant puis envoyant ce formulaire d&rsquo;adoption. Les tarifs d&rsquo;adoption &#8230; Les documents Lors de la signature du contrat d&rsquo;adoption, vous devrez fournir les documents suivants : Suite \u00e0 [&hellip;]<\/p>\n","protected":false},"author":1,"featured_media":0,"parent":0,"menu_order":0,"comment_status":"closed","ping_status":"closed","template":"","meta":{"footnotes":""},"class_list":["post-93","page","type-page","status-publish","hentry"],"_links":{"self":[{"href":"https:\/\/coeur-chats-mannes.fr\/index.php\/wp-json\/wp\/v2\/pages\/93","targetHints":{"allow":["GET"]}}],"collection":[{"href":"https:\/\/coeur-chats-mannes.fr\/index.php\/wp-json\/wp\/v2\/pages"}],"about":[{"href":"https:\/\/coeur-chats-mannes.fr\/index.php\/wp-json\/wp\/v2\/types\/page"}],"author":[{"embeddable":true,"href":"https:\/\/coeur-chats-mannes.fr\/index.php\/wp-json\/wp\/v2\/users\/1"}],"replies":[{"embeddable":true,"href":"https:\/\/coeur-chats-mannes.fr\/index.php\/wp-json\/wp\/v2\/comments?post=93"}],"version-history":[{"count":11,"href":"https:\/\/coeur-chats-mannes.fr\/index.php\/wp-json\/wp\/v2\/pages\/93\/revisions"}],"predecessor-version":[{"id":300,"href":"https:\/\/coeur-chats-mannes.fr\/index.php\/wp-json\/wp\/v2\/pages\/93\/revisions\/300"}],"wp:attachment":[{"href":"https:\/\/coeur-chats-mannes.fr\/index.php\/wp-json\/wp\/v2\/media?parent=93"}],"curies":[{"name":"wp","href":"https:\/\/api.w.org\/{rel}","templated":true}]}}