{"id":62,"date":"2025-05-19T12:07:37","date_gmt":"2025-05-19T10:07:37","guid":{"rendered":"https:\/\/coeur-chats-mannes.fr\/?page_id=62"},"modified":"2025-06-08T21:06:03","modified_gmt":"2025-06-08T19:06:03","slug":"nous-soutenir","status":"publish","type":"page","link":"https:\/\/coeur-chats-mannes.fr\/index.php\/nous-soutenir\/","title":{"rendered":"Nous soutenir"},"content":{"rendered":"\n<p><\/p>\n\n\n\n<p>En soutenant notre association, vous soutenez nos actions de d\u00e9fense, recueil et sauvetage des chats et devenez un acteur de la protection animale.<\/p>\n\n\n\n<p>Comment nous soutenir ? Diff\u00e9rentes possibilit\u00e9s s&rsquo;offrent \u00e0 vous :<\/p>\n\n\n\n<div class=\"wp-block-columns is-layout-flex wp-container-core-columns-is-layout-f619a8c7 wp-block-columns-is-layout-flex\">\n<div class=\"wp-block-column is-layout-flow wp-block-column-is-layout-flow\">\n<div class=\"wp-block-group has-background-background-color has-background has-global-padding is-layout-constrained wp-container-core-group-is-layout-e6dabd6d wp-block-group-is-layout-constrained\" style=\"border-radius:10px;min-height:100%;padding-top:var(--wp--preset--spacing--xx-small);padding-right:var(--wp--preset--spacing--xx-small);padding-bottom:var(--wp--preset--spacing--xx-small);padding-left:var(--wp--preset--spacing--xx-small)\">\n<h2 class=\"wp-block-heading has-text-align-center has-medium-font-size\" style=\"margin-top:var(--wp--preset--spacing--xx-small);font-style:normal;font-weight:600\">Via une aide financi\u00e8re<\/h2>\n\n\n\n<div class=\"wp-block-columns is-layout-flex wp-container-core-columns-is-layout-f619a8c7 wp-block-columns-is-layout-flex\">\n<div class=\"wp-block-column is-layout-flow wp-block-column-is-layout-flow\">\n<div class=\"wp-block-group has-background-background-color has-background has-global-padding is-layout-constrained wp-container-core-group-is-layout-a4f756b1 wp-block-group-is-layout-constrained\" style=\"border-radius:10px;min-height:100%;padding-top:var(--wp--preset--spacing--xx-small);padding-right:var(--wp--preset--spacing--xx-small);padding-bottom:var(--wp--preset--spacing--xx-small);padding-left:var(--wp--preset--spacing--xx-small)\">\n<h3 class=\"wp-block-heading has-text-align-center has-medium-font-size\" style=\"margin-top:var(--wp--preset--spacing--xx-small);font-style:normal;font-weight:600\">Devenez parrain \/ marraine<\/h3>\n\n\n\n<p class=\"has-text-align-center\" style=\"margin-top:var(--wp--preset--spacing--small)\">Parrainez un chat, afin de participer et \u00eatre inform\u00e9 de son \u00e9volution par des messages, photos ou vid\u00e9os, qui vous seront communiqu\u00e9s.<\/p>\n\n\n\n<div class=\"wp-block-buttons is-layout-flex wp-block-buttons-is-layout-flex\" style=\"margin-top:var(--wp--preset--spacing--small)\">\n<div class=\"wp-block-button is-style-link-only\"><a class=\"wp-block-button__link has-primary-color has-text-color has-background wp-element-button\" href=\"#\" style=\"background-color:#ffffff00;padding-top:0px;padding-right:0px;padding-bottom:0px;padding-left:0px\">Lire la suite \u2192<\/a><\/div>\n<\/div>\n<\/div>\n<\/div>\n\n\n\n<div class=\"wp-block-column is-layout-flow wp-block-column-is-layout-flow\">\n<div class=\"wp-block-group has-background-background-color has-background has-global-padding is-content-justification-center is-layout-constrained wp-container-core-group-is-layout-33c25318 wp-block-group-is-layout-constrained\" style=\"border-radius:10px;min-height:100%;padding-top:var(--wp--preset--spacing--xx-small);padding-right:var(--wp--preset--spacing--xx-small);padding-bottom:var(--wp--preset--spacing--xx-small);padding-left:var(--wp--preset--spacing--xx-small)\">\n<h3 class=\"wp-block-heading has-text-align-center has-medium-font-size\" style=\"margin-top:var(--wp--preset--spacing--xx-small);font-style:normal;font-weight:600\">Participer aux cagnottes<\/h3>\n\n\n\n<p class=\"has-text-align-center\" style=\"margin-top:var(--wp--preset--spacing--small)\">Lors de sauvetages ou de soins importants, nous cr\u00e9ons des cagnottes \u00e0 laquelle vous pouvez participer pour soutenir une action pr\u00e9cise.<\/p>\n\n\n\n<p class=\"has-text-align-center\">Les cagnottes cr\u00e9es sont annonc\u00e9es et promues sur les r\u00e9seaux sociaux.<\/p>\n\n\n\n<div class=\"wp-block-buttons is-layout-flex wp-block-buttons-is-layout-flex\" style=\"margin-top:var(--wp--preset--spacing--small)\">\n<div class=\"wp-block-button is-style-link-only\"><a class=\"wp-block-button__link has-primary-color has-text-color has-background wp-element-button\" href=\"#\" style=\"background-color:#ffffff00;padding-top:0px;padding-right:0px;padding-bottom:0px;padding-left:0px\">Lire la suite \u2192<\/a><\/div>\n<\/div>\n<\/div>\n<\/div>\n\n\n\n<div class=\"wp-block-column is-layout-flow wp-block-column-is-layout-flow\">\n<div class=\"wp-block-group has-background-background-color has-background has-global-padding is-layout-constrained wp-container-core-group-is-layout-e6dabd6d wp-block-group-is-layout-constrained\" style=\"border-radius:10px;min-height:100%;padding-top:var(--wp--preset--spacing--xx-small);padding-right:var(--wp--preset--spacing--xx-small);padding-bottom:var(--wp--preset--spacing--xx-small);padding-left:var(--wp--preset--spacing--xx-small)\">\n<h3 class=\"wp-block-heading has-text-align-center has-medium-font-size\" style=\"margin-top:var(--wp--preset--spacing--xx-small);font-style:normal;font-weight:600\">R\u00e9alisez un don libre<\/h3>\n\n\n\n<p class=\"has-text-align-center\" style=\"margin-top:var(--wp--preset--spacing--small)\">Les dons libres nous permettent de subvenir aux besoins et au bien-\u00eatre des chats : nourriture, liti\u00e8res min\u00e9rales et v\u00e9g\u00e9tales, paniers, arbres \u00e0 chats, jeux, etc.<\/p>\n\n\n\n<div class=\"wp-block-buttons is-layout-flex wp-block-buttons-is-layout-flex\" style=\"margin-top:var(--wp--preset--spacing--small)\">\n<div class=\"wp-block-button is-style-link-only\"><a class=\"wp-block-button__link has-primary-color has-text-color has-background wp-element-button\" href=\"#\" style=\"background-color:#ffffff00;padding-top:0px;padding-right:0px;padding-bottom:0px;padding-left:0px\">Lire la suite \u2192<\/a><\/div>\n<\/div>\n<\/div>\n<\/div>\n<\/div>\n\n\n\n<p style=\"margin-top:var(--wp--preset--spacing--small)\">Des re\u00e7us fiscaux donnent droits \u00e0 un re\u00e7u fiscal \u00e0 partir de 30\u20ac.<\/p>\n<\/div>\n<\/div>\n<\/div>\n\n\n\n<hr class=\"wp-block-separator has-alpha-channel-opacity\"\/>\n\n\n\n<p><\/p>\n\n\n\n<div class=\"wp-block-group has-background-background-color has-background has-global-padding is-layout-constrained wp-container-core-group-is-layout-9b8a25e1 wp-block-group-is-layout-constrained\" style=\"border-radius:10px;min-height:100%;margin-top:0;margin-bottom:0;padding-top:var(--wp--preset--spacing--xx-small);padding-right:var(--wp--preset--spacing--xx-small);padding-bottom:var(--wp--preset--spacing--xx-small);padding-left:var(--wp--preset--spacing--xx-small)\">\n<h2 class=\"wp-block-heading has-text-align-center has-medium-font-size\" style=\"margin-top:var(--wp--preset--spacing--xx-small);font-style:normal;font-weight:600\">Via une aide mat\u00e9rielle<\/h2>\n\n\n\n<div class=\"wp-block-columns is-layout-flex wp-container-core-columns-is-layout-f619a8c7 wp-block-columns-is-layout-flex\">\n<div class=\"wp-block-column is-layout-flow wp-block-column-is-layout-flow\">\n<div class=\"wp-block-group has-background-background-color has-background has-global-padding is-layout-constrained wp-container-core-group-is-layout-a4f756b1 wp-block-group-is-layout-constrained\" style=\"border-radius:10px;min-height:100%;padding-top:var(--wp--preset--spacing--xx-small);padding-right:var(--wp--preset--spacing--xx-small);padding-bottom:var(--wp--preset--spacing--xx-small);padding-left:var(--wp--preset--spacing--xx-small)\">\n<h3 class=\"wp-block-heading has-text-align-center has-medium-font-size\" style=\"margin-top:var(--wp--preset--spacing--xx-small);font-style:normal;font-weight:600\">Dons mat\u00e9riels<\/h3>\n\n\n\n<p class=\"has-text-align-center\" style=\"margin-top:var(--wp--preset--spacing--small)\">En nous donnant des draps, coussins, paniers, etc., vous contribuez aux bien-\u00eatre des chats.<\/p>\n<\/div>\n<\/div>\n\n\n\n<div class=\"wp-block-column is-layout-flow wp-block-column-is-layout-flow\">\n<div class=\"wp-block-group has-background-background-color has-background has-global-padding is-content-justification-center is-layout-constrained wp-container-core-group-is-layout-33c25318 wp-block-group-is-layout-constrained\" style=\"border-radius:10px;min-height:100%;padding-top:var(--wp--preset--spacing--xx-small);padding-right:var(--wp--preset--spacing--xx-small);padding-bottom:var(--wp--preset--spacing--xx-small);padding-left:var(--wp--preset--spacing--xx-small)\">\n<h3 class=\"wp-block-heading has-text-align-center has-medium-font-size\" style=\"margin-top:var(--wp--preset--spacing--xx-small);font-style:normal;font-weight:600\">Collectes<\/h3>\n\n\n\n<p class=\"has-text-align-center\" style=\"margin-top:var(--wp--preset--spacing--small)\">Avec nos partenaires, nous organisons des collectes directement dans les magasins. Les lieux et dates de ces collectes sont annonc\u00e9es sur les r\u00e9seaux sociaux.<\/p>\n<\/div>\n<\/div>\n\n\n\n<div class=\"wp-block-column is-layout-flow wp-block-column-is-layout-flow\">\n<div class=\"wp-block-group has-background-background-color has-background has-global-padding is-layout-constrained wp-container-core-group-is-layout-e6dabd6d wp-block-group-is-layout-constrained\" style=\"border-radius:10px;min-height:100%;padding-top:var(--wp--preset--spacing--xx-small);padding-right:var(--wp--preset--spacing--xx-small);padding-bottom:var(--wp--preset--spacing--xx-small);padding-left:var(--wp--preset--spacing--xx-small)\">\n<h3 class=\"wp-block-heading has-text-align-center has-medium-font-size\" style=\"margin-top:var(--wp--preset--spacing--xx-small);font-style:normal;font-weight:600\">Drives<\/h3>\n\n\n\n<p class=\"has-text-align-center\" style=\"margin-top:var(--wp--preset--spacing--small)\">Vous pouvez acheter de la nourriture, des produits d&rsquo;entretien (eau de javel, Sanytol, essuie-tout, etc.), ainsi que de la nourriture (croquettes, p\u00e2t\u00e9es, etc.) en r\u00e9alisant un Drive dans le Leclerc ou Super U de Saint-Etienne de Montluc. Nous nous chargerons de livrer le contenu de ces drives dans les locaux de l&rsquo;association.<\/p>\n<\/div>\n<\/div>\n<\/div>\n<\/div>\n\n\n\n<hr class=\"wp-block-separator has-alpha-channel-opacity\"\/>\n\n\n\n<div class=\"wp-block-columns is-layout-flex wp-container-core-columns-is-layout-f619a8c7 wp-block-columns-is-layout-flex\">\n<div class=\"wp-block-column is-layout-flow wp-block-column-is-layout-flow\">\n<div class=\"wp-block-group has-background-background-color has-background has-global-padding is-layout-constrained wp-container-core-group-is-layout-e6dabd6d wp-block-group-is-layout-constrained\" style=\"border-radius:10px;min-height:100%;padding-top:var(--wp--preset--spacing--xx-small);padding-right:var(--wp--preset--spacing--xx-small);padding-bottom:var(--wp--preset--spacing--xx-small);padding-left:var(--wp--preset--spacing--xx-small)\">\n<h2 class=\"wp-block-heading has-text-align-center has-medium-font-size\" style=\"margin-top:var(--wp--preset--spacing--xx-small);font-style:normal;font-weight:600\">En devenant b\u00e9n\u00e9voles<\/h2>\n\n\n\n<div class=\"wp-block-columns is-layout-flex wp-container-core-columns-is-layout-f619a8c7 wp-block-columns-is-layout-flex\">\n<div class=\"wp-block-column is-layout-flow wp-block-column-is-layout-flow\">\n<div class=\"wp-block-group has-background-background-color has-background has-global-padding is-layout-constrained wp-container-core-group-is-layout-a4f756b1 wp-block-group-is-layout-constrained\" style=\"border-radius:10px;min-height:100%;padding-top:var(--wp--preset--spacing--xx-small);padding-right:var(--wp--preset--spacing--xx-small);padding-bottom:var(--wp--preset--spacing--xx-small);padding-left:var(--wp--preset--spacing--xx-small)\">\n<h3 class=\"wp-block-heading has-text-align-center has-medium-font-size\" style=\"margin-top:var(--wp--preset--spacing--xx-small);font-style:normal;font-weight:600\">En devenant famille d&rsquo;accueil<\/h3>\n\n\n\n<p class=\"has-text-align-center\" style=\"margin-top:var(--wp--preset--spacing--small)\">Prenez en pension des chats chez vous, en attendant leur adoption.<\/p>\n\n\n\n<p><\/p>\n\n\n\n<p>Vous pouvez devenir une famille d&rsquo;accueil en remplissant et envoyant <a href=\"\/index.php\/form-famille-accueil\">ce formulaire<\/a>.<\/p>\n<\/div>\n<\/div>\n\n\n\n<div class=\"wp-block-column is-layout-flow wp-block-column-is-layout-flow\">\n<div class=\"wp-block-group has-background-background-color has-background has-global-padding is-content-justification-center is-layout-constrained wp-container-core-group-is-layout-33c25318 wp-block-group-is-layout-constrained\" style=\"border-radius:10px;min-height:100%;padding-top:var(--wp--preset--spacing--xx-small);padding-right:var(--wp--preset--spacing--xx-small);padding-bottom:var(--wp--preset--spacing--xx-small);padding-left:var(--wp--preset--spacing--xx-small)\">\n<h3 class=\"wp-block-heading has-text-align-center has-medium-font-size\" style=\"margin-top:var(--wp--preset--spacing--xx-small);font-style:normal;font-weight:600\">En nous aidant dans nos actions<\/h3>\n\n\n\n<p class=\"has-text-align-center\" style=\"margin-top:var(--wp--preset--spacing--small)\">Participez avec nous dans l&rsquo;organisation des actions que nous organisons : collectes, vides greniers, etc.<\/p>\n<\/div>\n<\/div>\n\n\n\n<div class=\"wp-block-column is-layout-flow wp-block-column-is-layout-flow\">\n<div class=\"wp-block-group has-background-background-color has-background has-global-padding is-layout-constrained wp-container-core-group-is-layout-e6dabd6d wp-block-group-is-layout-constrained\" style=\"border-radius:10px;min-height:100%;padding-top:var(--wp--preset--spacing--xx-small);padding-right:var(--wp--preset--spacing--xx-small);padding-bottom:var(--wp--preset--spacing--xx-small);padding-left:var(--wp--preset--spacing--xx-small)\">\n<h3 class=\"wp-block-heading has-text-align-center has-medium-font-size\" style=\"margin-top:var(--wp--preset--spacing--xx-small);font-style:normal;font-weight:600\">En nous aidant dans l&rsquo;entretien<\/h3>\n\n\n\n<p class=\"has-text-align-center\" style=\"margin-top:var(--wp--preset--spacing--small)\">Vous pouvez venir dans les locaux de l&rsquo;association pour entretien les espaces de lieux de vie des chats : nettoyage et d\u00e9sinfection des caisses de transport, des cases de liti\u00e8re, paniers de repos, etc.<\/p>\n<\/div>\n<\/div>\n<\/div>\n<\/div>\n<\/div>\n<\/div>\n\n\n\n<p><\/p>\n\n\n\n<p><\/p>\n","protected":false},"excerpt":{"rendered":"<p>En soutenant notre association, vous soutenez nos actions de d\u00e9fense, recueil et sauvetage des chats et devenez un acteur de la protection animale. Comment nous soutenir ? Diff\u00e9rentes possibilit\u00e9s s&rsquo;offrent \u00e0 vous : Via une aide financi\u00e8re Devenez parrain \/ marraine Parrainez un chat, afin de participer et \u00eatre inform\u00e9 de son \u00e9volution par des [&hellip;]<\/p>\n","protected":false},"author":1,"featured_media":0,"parent":0,"menu_order":0,"comment_status":"closed","ping_status":"closed","template":"","meta":{"footnotes":""},"class_list":["post-62","page","type-page","status-publish","hentry"],"_links":{"self":[{"href":"https:\/\/coeur-chats-mannes.fr\/index.php\/wp-json\/wp\/v2\/pages\/62","targetHints":{"allow":["GET"]}}],"collection":[{"href":"https:\/\/coeur-chats-mannes.fr\/index.php\/wp-json\/wp\/v2\/pages"}],"about":[{"href":"https:\/\/coeur-chats-mannes.fr\/index.php\/wp-json\/wp\/v2\/types\/page"}],"author":[{"embeddable":true,"href":"https:\/\/coeur-chats-mannes.fr\/index.php\/wp-json\/wp\/v2\/users\/1"}],"replies":[{"embeddable":true,"href":"https:\/\/coeur-chats-mannes.fr\/index.php\/wp-json\/wp\/v2\/comments?post=62"}],"version-history":[{"count":8,"href":"https:\/\/coeur-chats-mannes.fr\/index.php\/wp-json\/wp\/v2\/pages\/62\/revisions"}],"predecessor-version":[{"id":308,"href":"https:\/\/coeur-chats-mannes.fr\/index.php\/wp-json\/wp\/v2\/pages\/62\/revisions\/308"}],"wp:attachment":[{"href":"https:\/\/coeur-chats-mannes.fr\/index.php\/wp-json\/wp\/v2\/media?parent=62"}],"curies":[{"name":"wp","href":"https:\/\/api.w.org\/{rel}","templated":true}]}}