{"id":58,"date":"2025-05-19T07:44:32","date_gmt":"2025-05-19T05:44:32","guid":{"rendered":"https:\/\/coeur-chats-mannes.fr\/?page_id=58"},"modified":"2025-06-02T08:12:42","modified_gmt":"2025-06-02T06:12:42","slug":"presentation","status":"publish","type":"page","link":"https:\/\/coeur-chats-mannes.fr\/index.php\/presentation\/","title":{"rendered":"Pr\u00e9sentation de l&rsquo;association"},"content":{"rendered":"\n<p><\/p>\n\n\n\n<h3 class=\"wp-block-heading\">Buts et vocations<\/h3>\n\n\n\n<p>Le <em>C\u0153ur des Chats&rsquo;Mannes<\/em> est une association Loi 1901 qui a pour objet de d\u00e9fendre et prot\u00e9ger les animaux, particuli\u00e8rement la race f\u00e9line, de tous actes de cruaut\u00e9, s\u00e9vices graves et abandons.<\/p>\n\n\n\n<p>Elle veille \u00e0 leur bien-\u00eatre et subvient \u00e0 tous leurs besoins (identification, st\u00e9rilisation, vaccination, d\u00e9parasitage, d\u00e9pistage des virus FIV &#8211; sida f\u00e9lin &#8211; FELV &#8211; leucose f\u00e9line -, soins m\u00e9dicaux et affectifs, alimentation adapt\u00e9e, etc.), de les sociabiliser autant que possible, jusqu&rsquo;\u00e0 leur placement en famille adoptante, qui s&rsquo;engage \u00e0 suivre le contrat d&rsquo;adoption.<\/p>\n\n\n\n<p>Elle a \u00e0 c\u0153ur de proc\u00e9der \u00e0 des campagnes de st\u00e9rilisation, afin de diminuer le nombre de chats en souffrance dans les rues et campagnes, et apporter ainsi \u00e0 l&rsquo;animal un statut de chat libre, conform\u00e9ment \u00e0 la l\u00e9gislation.<\/p>\n\n\n\n<p>Dans certains cas, elle peut prendre en charge un animal, dont le propri\u00e9taire ne peut plus assurer sa prise en charge (d\u00e9c\u00e8s, entr\u00e9e en EHPAD, maltraitance active et passive, etc.).<\/p>\n\n\n\n<p>Elle pourra \u00e9galement r\u00e9aliser des actions de sensibilisation aupr\u00e8s de tout public, afin d&rsquo;expliquer l&rsquo;importance de la st\u00e9rilisation et du bien-\u00eatre animal, pour lutter contre la prolif\u00e9ration des chats errants (agir contre la surpopulation des chats).<\/p>\n\n\n\n<p>Elle a \u00e0 c\u0153ur de collaborer avec d&rsquo;autres associations, sur des projets communs.<\/p>\n\n\n\n<p>Enfin, elle pourra se porter partie civile, lorsque la situation le n\u00e9cessite pour d\u00e9fendre l&rsquo;int\u00e9r\u00eat des f\u00e9lins.<\/p>\n\n\n\n<p><\/p>\n\n\n\n<div class=\"wp-block-group alignfull has-tertiary-background-color has-background has-global-padding is-layout-constrained wp-block-group-is-layout-constrained\" style=\"margin-top:0px;margin-bottom:0px;padding-top:var(--wp--preset--spacing--medium);padding-bottom:var(--wp--preset--spacing--medium)\">\n<div class=\"wp-block-group is-vertical is-nowrap is-layout-flex wp-container-core-group-is-layout-6fe931d8 wp-block-group-is-layout-flex\">\n<h3 class=\"wp-block-heading\">Nos actions pour les chats<\/h3>\n\n\n\n<div class=\"wp-block-group alignwide is-layout-flow wp-block-group-is-layout-flow\">\n<div class=\"wp-block-columns is-layout-flex wp-container-core-columns-is-layout-f619a8c7 wp-block-columns-is-layout-flex\">\n<div class=\"wp-block-column is-layout-flow wp-block-column-is-layout-flow\">\n<div class=\"wp-block-group has-background-background-color has-background has-global-padding is-layout-constrained wp-container-core-group-is-layout-dcc2d3ec wp-block-group-is-layout-constrained\" style=\"border-radius:10px;min-height:100%;padding-top:var(--wp--preset--spacing--x-small);padding-right:var(--wp--preset--spacing--x-small);padding-bottom:var(--wp--preset--spacing--x-small);padding-left:var(--wp--preset--spacing--x-small)\">\n<h2 class=\"wp-block-heading has-medium-font-size\" style=\"margin-top:var(--wp--preset--spacing--xx-small);font-style:normal;font-weight:600\">Sauvetage<\/h2>\n\n\n\n<p style=\"margin-top:var(--wp--preset--spacing--small)\">Nous recueillons les chats abandonn\u00e9s, quelle que soit leur \u00e2ge, \u00e9tat de sant\u00e9 ou condition physique.<\/p>\n\n\n\n<div class=\"wp-block-buttons is-layout-flex wp-block-buttons-is-layout-flex\" style=\"margin-top:var(--wp--preset--spacing--small)\">\n<div class=\"wp-block-button is-style-link-only\"><a class=\"wp-block-button__link has-primary-color has-text-color has-background wp-element-button\" href=\"#\" style=\"background-color:#ffffff00;padding-top:0px;padding-right:0px;padding-bottom:0px;padding-left:0px\">Lire la suite \u2192<\/a><\/div>\n<\/div>\n<\/div>\n<\/div>\n\n\n\n<div class=\"wp-block-column is-layout-flow wp-block-column-is-layout-flow\">\n<div class=\"wp-block-group has-background-background-color has-background has-global-padding is-content-justification-center is-layout-constrained wp-container-core-group-is-layout-6f64bb44 wp-block-group-is-layout-constrained\" style=\"border-radius:10px;min-height:100%;padding-top:var(--wp--preset--spacing--x-small);padding-right:var(--wp--preset--spacing--x-small);padding-bottom:var(--wp--preset--spacing--x-small);padding-left:var(--wp--preset--spacing--x-small)\">\n<h2 class=\"wp-block-heading has-medium-font-size\" style=\"margin-top:var(--wp--preset--spacing--xx-small);font-style:normal;font-weight:600\">Adoption<\/h2>\n\n\n\n<p style=\"margin-top:var(--wp--preset--spacing--small)\">Nous permettons aux chats d&rsquo;\u00eatre adopt\u00e9s par des familles appropri\u00e9es en fonction des caract\u00e9ristiques des chats.<\/p>\n\n\n\n<div class=\"wp-block-buttons is-layout-flex wp-block-buttons-is-layout-flex\" style=\"margin-top:var(--wp--preset--spacing--small)\">\n<div class=\"wp-block-button is-style-link-only\"><a class=\"wp-block-button__link has-primary-color has-text-color has-background wp-element-button\" href=\"#\" style=\"background-color:#ffffff00;padding-top:0px;padding-right:0px;padding-bottom:0px;padding-left:0px\">Lire la suite \u2192<\/a><\/div>\n<\/div>\n<\/div>\n<\/div>\n\n\n\n<div class=\"wp-block-column is-layout-flow wp-block-column-is-layout-flow\">\n<div class=\"wp-block-group has-background-background-color has-background has-global-padding is-layout-constrained wp-container-core-group-is-layout-dcc2d3ec wp-block-group-is-layout-constrained\" style=\"border-radius:10px;min-height:100%;padding-top:var(--wp--preset--spacing--x-small);padding-right:var(--wp--preset--spacing--x-small);padding-bottom:var(--wp--preset--spacing--x-small);padding-left:var(--wp--preset--spacing--x-small)\">\n<h2 class=\"wp-block-heading has-medium-font-size\" style=\"margin-top:var(--wp--preset--spacing--xx-small);font-style:normal;font-weight:600\">Parrainage<\/h2>\n\n\n\n<p style=\"margin-top:var(--wp--preset--spacing--small)\">Parrainez un chat, afin de participer et \u00eatre inform\u00e9 de son \u00e9volution.<\/p>\n\n\n\n<div class=\"wp-block-buttons is-layout-flex wp-block-buttons-is-layout-flex\" style=\"margin-top:var(--wp--preset--spacing--small)\">\n<div class=\"wp-block-button is-style-link-only\"><a class=\"wp-block-button__link has-primary-color has-text-color has-background wp-element-button\" href=\"#\" style=\"background-color:#ffffff00;padding-top:0px;padding-right:0px;padding-bottom:0px;padding-left:0px\">Lire la suite \u2192<\/a><\/div>\n<\/div>\n<\/div>\n<\/div>\n<\/div>\n<\/div>\n\n\n\n<div class=\"wp-block-group has-background-background-color has-background has-global-padding is-content-justification-left is-layout-constrained wp-container-core-group-is-layout-1373fa2e wp-block-group-is-layout-constrained\" style=\"border-radius:10px;min-height:100%;padding-top:var(--wp--preset--spacing--large);padding-right:var(--wp--preset--spacing--large);padding-bottom:var(--wp--preset--spacing--large);padding-left:var(--wp--preset--spacing--large)\">\n<h2 class=\"wp-block-heading has-medium-font-size\" style=\"margin-top:var(--wp--preset--spacing--xx-small);font-style:normal;font-weight:600\">Campagnes de st\u00e9rilisation<\/h2>\n\n\n\n<p style=\"margin-top:var(--wp--preset--spacing--small)\">Nous r\u00e9alisons des campagnes de st\u00e9rilisation pour lutter contre les abandons et les atteintes au bien-\u00eatre des chats.<\/p>\n\n\n\n<div class=\"wp-block-buttons is-layout-flex wp-block-buttons-is-layout-flex\" style=\"margin-top:var(--wp--preset--spacing--small)\">\n<div class=\"wp-block-button is-style-link-only\"><a class=\"wp-block-button__link has-primary-color has-text-color has-background wp-element-button\" href=\"#\" style=\"background-color:#ffffff00;padding-top:0px;padding-right:0px;padding-bottom:0px;padding-left:0px\">Lire la suite \u2192<\/a><\/div>\n<\/div>\n<\/div>\n\n\n\n<div class=\"wp-block-group has-background-background-color has-background has-global-padding is-content-justification-left is-layout-constrained wp-container-core-group-is-layout-1373fa2e wp-block-group-is-layout-constrained\" style=\"border-radius:10px;min-height:100%;padding-top:var(--wp--preset--spacing--large);padding-right:var(--wp--preset--spacing--large);padding-bottom:var(--wp--preset--spacing--large);padding-left:var(--wp--preset--spacing--large)\">\n<h2 class=\"wp-block-heading has-medium-font-size\" style=\"margin-top:var(--wp--preset--spacing--xx-small);font-style:normal;font-weight:600\">Recueil de fonds<\/h2>\n\n\n\n<p style=\"margin-top:var(--wp--preset--spacing--small)\">En compl\u00e9ment des parrainages, nous organisons tout au long de l&rsquo;ann\u00e9e des activit\u00e9s, permettant de recueillir des fonds pour financer les autres actions : participation \u00e0 des vide-greniers, ventes de g\u00e2teaux, de bijoux, de bougies, etc.<\/p>\n\n\n\n<div class=\"wp-block-buttons is-layout-flex wp-block-buttons-is-layout-flex\" style=\"margin-top:var(--wp--preset--spacing--small)\">\n<div class=\"wp-block-button is-style-link-only\"><a class=\"wp-block-button__link has-primary-color has-text-color has-background wp-element-button\" href=\"#\" style=\"background-color:#ffffff00;padding-top:0px;padding-right:0px;padding-bottom:0px;padding-left:0px\">Lire la suite \u2192<\/a><\/div>\n<\/div>\n<\/div>\n\n\n\n<div class=\"wp-block-group is-nowrap is-layout-flex wp-container-core-group-is-layout-6c531013 wp-block-group-is-layout-flex\"><\/div>\n<\/div>\n<\/div>\n\n\n\n<p><\/p>\n\n\n\n<h3 class=\"wp-block-heading\">Lieux de vie des chats<\/h3>\n\n\n\n<p>A Cordemais, nous proposons au sein d&rsquo;une habitation et ses d\u00e9pendances, des locaux et un enclos ext\u00e9rieur r\u00e9serv\u00e9s aux chats.<\/p>\n\n\n\n<p><\/p>\n\n\n\n<p><\/p>\n\n\n\n<p><\/p>\n","protected":false},"excerpt":{"rendered":"<p>Buts et vocations Le C\u0153ur des Chats&rsquo;Mannes est une association Loi 1901 qui a pour objet de d\u00e9fendre et prot\u00e9ger les animaux, particuli\u00e8rement la race f\u00e9line, de tous actes de cruaut\u00e9, s\u00e9vices graves et abandons. Elle veille \u00e0 leur bien-\u00eatre et subvient \u00e0 tous leurs besoins (identification, st\u00e9rilisation, vaccination, d\u00e9parasitage, d\u00e9pistage des virus FIV &#8211; [&hellip;]<\/p>\n","protected":false},"author":1,"featured_media":0,"parent":0,"menu_order":0,"comment_status":"closed","ping_status":"closed","template":"","meta":{"footnotes":""},"class_list":["post-58","page","type-page","status-publish","hentry"],"_links":{"self":[{"href":"https:\/\/coeur-chats-mannes.fr\/index.php\/wp-json\/wp\/v2\/pages\/58","targetHints":{"allow":["GET"]}}],"collection":[{"href":"https:\/\/coeur-chats-mannes.fr\/index.php\/wp-json\/wp\/v2\/pages"}],"about":[{"href":"https:\/\/coeur-chats-mannes.fr\/index.php\/wp-json\/wp\/v2\/types\/page"}],"author":[{"embeddable":true,"href":"https:\/\/coeur-chats-mannes.fr\/index.php\/wp-json\/wp\/v2\/users\/1"}],"replies":[{"embeddable":true,"href":"https:\/\/coeur-chats-mannes.fr\/index.php\/wp-json\/wp\/v2\/comments?post=58"}],"version-history":[{"count":7,"href":"https:\/\/coeur-chats-mannes.fr\/index.php\/wp-json\/wp\/v2\/pages\/58\/revisions"}],"predecessor-version":[{"id":240,"href":"https:\/\/coeur-chats-mannes.fr\/index.php\/wp-json\/wp\/v2\/pages\/58\/revisions\/240"}],"wp:attachment":[{"href":"https:\/\/coeur-chats-mannes.fr\/index.php\/wp-json\/wp\/v2\/media?parent=58"}],"curies":[{"name":"wp","href":"https:\/\/api.w.org\/{rel}","templated":true}]}}