{"id":47,"date":"2025-05-19T07:23:41","date_gmt":"2025-05-19T05:23:41","guid":{"rendered":"https:\/\/coeur-chats-mannes.fr\/?page_id=47"},"modified":"2025-05-19T20:58:36","modified_gmt":"2025-05-19T18:58:36","slug":"mentions-legales","status":"publish","type":"page","link":"https:\/\/coeur-chats-mannes.fr\/index.php\/mentions-legales\/","title":{"rendered":"Mentions l\u00e9gales"},"content":{"rendered":"\n<p><\/p>\n\n\n\n<h3 class=\"wp-block-heading\">Pr\u00e9ambule<\/h3>\n\n\n\n<p>Conform\u00e9ment aux dispositions des Articles 6-III et 19 de la Loi n\u00b02004-575 du 21 juin 2004 pour la confiance dans l\u2019\u00e9conomie num\u00e9rique (dite L.C.E.N.), il est port\u00e9 \u00e0 la connaissance des visiteurs, ci-apr\u00e8s \u00ab\u00a0le visiteur\u00a0\u00bb, du site <a href=\"https:\/\/coeur-chats-mannes.fr\/\">https:\/\/coeur-chats-mannes.fr<\/a>, ci-apr\u00e8s le \u00ab\u00a0Site Web\u00a0\u00bb, les pr\u00e9sentes mentions l\u00e9gales.<br>La connexion et la navigation sur le Site par l\u2019Utilisateur implique acceptation int\u00e9grale et sans r\u00e9serve des pr\u00e9sentes mentions l\u00e9gales, qui sont accessibles sur le en pied de page du Site \u00e0 la rubrique \u00ab\u00a0Mentions l\u00e9gales\u00a0\u00bb de la rubrique \u00ab\u00a0Site Web\u00a0\u00bb.<\/p>\n\n\n\n<h3 class=\"wp-block-heading\">Article 1 &#8211; L&rsquo;\u00e9diteur<\/h3>\n\n\n\n<p>L\u2019\u00e9dition et la direction de la publication du Site Web est assur\u00e9e par James RAVAILLE, domicili\u00e9 \u00e0 Cou\u00ebron, dont l&rsquo;adresse e-mail est <a href=\"mailto:james.ravaille@coeur-chats-mannes.fr\">james.ravaille@coeur-chats-mannes.fr<\/a>.<br>ci-apr\u00e8s nomm\u00e9 \u00ab\u00a0l&rsquo;\u00e9diteur\u00a0\u00bb.<\/p>\n\n\n\n<h3 class=\"wp-block-heading\">Article 2 &#8211; L&rsquo;h\u00e9bergeur<\/h3>\n\n\n\n<p>L&rsquo;h\u00e9bergeur du Site Web est la soci\u00e9t\u00e9 OVH, soci\u00e9t\u00e9 immatricul\u00e9e au RCS de Lille sous le num\u00e9ro 537 407 926 sise 2, rue Kellermann, 59100 Roubaix.<\/p>\n\n\n\n<h3 class=\"wp-block-heading\">Article 3 &#8211; Acc\u00e8s au Site Web<\/h3>\n\n\n\n<p>Le Site Web est accessible en tout endroit, 24h\/24 et 7j\/7, except\u00e9 en cas de force majeure, interruption programm\u00e9e ou non et pouvant d\u00e9coulant d\u2019une n\u00e9cessit\u00e9 d&rsquo;une op\u00e9ration de maintenance.<br>En cas de modification, interruption ou suspension du Site Web, l&rsquo;Editeur ne saurait \u00eatre tenu responsable.<\/p>\n\n\n\n<h3 class=\"wp-block-heading\">Article 4 &#8211; Collecte des donn\u00e9es<\/h3>\n\n\n\n<p>Le Site Web assure au Visiteur une collecte et un traitement d&rsquo;informations personnelles dans le respect de la vie priv\u00e9e conform\u00e9ment \u00e0 la loi n\u00b078-17 du 6 janvier 1978 relative \u00e0 l&rsquo;informatique, aux fichiers et aux libert\u00e9s.<br>En vertu de la loi Informatique et Libert\u00e9s, en date du 6 janvier 1978, le Visiteur dispose d&rsquo;un droit d&rsquo;acc\u00e8s, de rectification, de suppression et d&rsquo;opposition de ses donn\u00e9es personnelles. Le Visiteur exerce ce droit via un formulaire de contact ; toute utilisation, reproduction, diffusion, commercialisation, modification de toute ou partie du Site Web,<br>sans autorisation de l\u2019Editeur est prohib\u00e9e et pourra entra\u00eener des actions et poursuites judiciaires telles que notamment pr\u00e9vues par le Code de la propri\u00e9t\u00e9 intellectuelle et le Code civil.<\/p>\n\n\n\n<p><\/p>\n","protected":false},"excerpt":{"rendered":"<p>Pr\u00e9ambule Conform\u00e9ment aux dispositions des Articles 6-III et 19 de la Loi n\u00b02004-575 du 21 juin 2004 pour la confiance dans l\u2019\u00e9conomie num\u00e9rique (dite L.C.E.N.), il est port\u00e9 \u00e0 la connaissance des visiteurs, ci-apr\u00e8s \u00ab\u00a0le visiteur\u00a0\u00bb, du site https:\/\/coeur-chats-mannes.fr, ci-apr\u00e8s le \u00ab\u00a0Site Web\u00a0\u00bb, les pr\u00e9sentes mentions l\u00e9gales.La connexion et la navigation sur le Site par [&hellip;]<\/p>\n","protected":false},"author":1,"featured_media":0,"parent":0,"menu_order":0,"comment_status":"closed","ping_status":"closed","template":"","meta":{"footnotes":""},"class_list":["post-47","page","type-page","status-publish","hentry"],"_links":{"self":[{"href":"https:\/\/coeur-chats-mannes.fr\/index.php\/wp-json\/wp\/v2\/pages\/47","targetHints":{"allow":["GET"]}}],"collection":[{"href":"https:\/\/coeur-chats-mannes.fr\/index.php\/wp-json\/wp\/v2\/pages"}],"about":[{"href":"https:\/\/coeur-chats-mannes.fr\/index.php\/wp-json\/wp\/v2\/types\/page"}],"author":[{"embeddable":true,"href":"https:\/\/coeur-chats-mannes.fr\/index.php\/wp-json\/wp\/v2\/users\/1"}],"replies":[{"embeddable":true,"href":"https:\/\/coeur-chats-mannes.fr\/index.php\/wp-json\/wp\/v2\/comments?post=47"}],"version-history":[{"count":5,"href":"https:\/\/coeur-chats-mannes.fr\/index.php\/wp-json\/wp\/v2\/pages\/47\/revisions"}],"predecessor-version":[{"id":104,"href":"https:\/\/coeur-chats-mannes.fr\/index.php\/wp-json\/wp\/v2\/pages\/47\/revisions\/104"}],"wp:attachment":[{"href":"https:\/\/coeur-chats-mannes.fr\/index.php\/wp-json\/wp\/v2\/media?parent=47"}],"curies":[{"name":"wp","href":"https:\/\/api.w.org\/{rel}","templated":true}]}}