{"id":27,"date":"2025-05-14T23:21:41","date_gmt":"2025-05-14T21:21:41","guid":{"rendered":"https:\/\/coeur-chats-mannes.fr\/?page_id=27"},"modified":"2025-06-05T00:58:55","modified_gmt":"2025-06-04T22:58:55","slug":"chats","status":"publish","type":"page","link":"https:\/\/coeur-chats-mannes.fr\/index.php\/chats\/","title":{"rendered":"Les chats"},"content":{"rendered":"\n<div class=\"wp-block-group alignfull has-tertiary-background-color has-background has-global-padding is-layout-constrained wp-block-group-is-layout-constrained\" style=\"margin-top:0px;margin-bottom:0px;padding-top:var(--wp--preset--spacing--xx-large);padding-bottom:var(--wp--preset--spacing--xx-large)\">\n<div class=\"wp-block-group alignwide is-layout-flow wp-block-group-is-layout-flow\">\n<div class=\"wp-block-columns is-layout-flex wp-container-core-columns-is-layout-f619a8c7 wp-block-columns-is-layout-flex\">\n<div class=\"wp-block-column is-layout-flow wp-block-column-is-layout-flow\">\n<div class=\"wp-block-group has-background-background-color has-background has-global-padding is-layout-constrained wp-container-core-group-is-layout-4d32cd85 wp-block-group-is-layout-constrained\" style=\"border-radius:10px;min-height:100%;padding-top:var(--wp--preset--spacing--large);padding-right:var(--wp--preset--spacing--large);padding-bottom:var(--wp--preset--spacing--large);padding-left:var(--wp--preset--spacing--large)\">\n<h2 class=\"wp-block-heading has-medium-font-size\" style=\"margin-top:var(--wp--preset--spacing--xx-small);font-style:normal;font-weight:600\">Organiser le sauvetage de chats<\/h2>\n\n\n\n<p style=\"margin-top:var(--wp--preset--spacing--small)\">Pour mieux prendre connaissance de nos activit\u00e9s, consulter la liste des sauvetages que nous r\u00e9alisons.<\/p>\n\n\n\n<div class=\"wp-block-buttons is-layout-flex wp-block-buttons-is-layout-flex\" style=\"margin-top:var(--wp--preset--spacing--small)\">\n<div class=\"wp-block-button is-style-link-only\"><a class=\"wp-block-button__link has-primary-color has-text-color has-background wp-element-button\" href=\"#\" style=\"background-color:#ffffff00;padding-top:0px;padding-right:0px;padding-bottom:0px;padding-left:0px\">Liste des sauvetages de chats \u2192<\/a><\/div>\n<\/div>\n<\/div>\n<\/div>\n\n\n\n<div class=\"wp-block-column is-layout-flow wp-block-column-is-layout-flow\">\n<div class=\"wp-block-group has-background-background-color has-background has-global-padding is-layout-constrained wp-container-core-group-is-layout-4d32cd85 wp-block-group-is-layout-constrained\" style=\"border-radius:10px;min-height:100%;padding-top:var(--wp--preset--spacing--large);padding-right:var(--wp--preset--spacing--large);padding-bottom:var(--wp--preset--spacing--large);padding-left:var(--wp--preset--spacing--large)\">\n<h2 class=\"wp-block-heading has-medium-font-size\" style=\"margin-top:var(--wp--preset--spacing--xx-small);font-style:normal;font-weight:600\">Adopter un chat<\/h2>\n\n\n\n<p style=\"margin-top:var(--wp--preset--spacing--small)\">Consulter la liste des chats que nous proposons \u00e0 l&rsquo;adoption.<\/p>\n\n\n\n<div class=\"wp-block-buttons is-layout-flex wp-block-buttons-is-layout-flex\" style=\"margin-top:var(--wp--preset--spacing--small)\">\n<div class=\"wp-block-button is-style-link-only\"><a class=\"wp-block-button__link has-primary-color has-text-color has-background wp-element-button\" href=\"\/index.php\/chats-a-adopter\" style=\"background-color:#ffffff00;padding-top:0px;padding-right:0px;padding-bottom:0px;padding-left:0px\">Liste des chats \u00e0 adopter \u2192<\/a><\/div>\n<\/div>\n<\/div>\n<\/div>\n<\/div>\n\n\n\n<div class=\"wp-block-columns is-layout-flex wp-container-core-columns-is-layout-f619a8c7 wp-block-columns-is-layout-flex\">\n<div class=\"wp-block-column is-layout-flow wp-block-column-is-layout-flow\">\n<div class=\"wp-block-group has-background-background-color has-background has-global-padding is-layout-constrained wp-container-core-group-is-layout-4d32cd85 wp-block-group-is-layout-constrained\" style=\"border-radius:10px;min-height:100%;padding-top:var(--wp--preset--spacing--large);padding-right:var(--wp--preset--spacing--large);padding-bottom:var(--wp--preset--spacing--large);padding-left:var(--wp--preset--spacing--large)\">\n<h2 class=\"wp-block-heading has-medium-font-size\" style=\"margin-top:var(--wp--preset--spacing--xx-small);font-style:normal;font-weight:600\">Parrainer un chat<\/h2>\n\n\n\n<p style=\"margin-top:var(--wp--preset--spacing--small)\">Vous souhaitez nous soutenir en parrainant le chat de votre choix ?<\/p>\n\n\n\n<div class=\"wp-block-buttons is-layout-flex wp-block-buttons-is-layout-flex\" style=\"margin-top:var(--wp--preset--spacing--small)\">\n<div class=\"wp-block-button is-style-link-only\"><a class=\"wp-block-button__link has-primary-color has-text-color has-background wp-element-button\" href=\"\/index.php\/chats-a-parrainer\" style=\"background-color:#ffffff00;padding-top:0px;padding-right:0px;padding-bottom:0px;padding-left:0px\">Liste des chats \u00e0 parrainer \u2192<\/a><\/div>\n<\/div>\n<\/div>\n<\/div>\n\n\n\n<div class=\"wp-block-column is-layout-flow wp-block-column-is-layout-flow\">\n<div class=\"wp-block-group has-background-background-color has-background has-global-padding is-layout-constrained wp-container-core-group-is-layout-4d32cd85 wp-block-group-is-layout-constrained\" style=\"border-radius:10px;min-height:100%;padding-top:var(--wp--preset--spacing--large);padding-right:var(--wp--preset--spacing--large);padding-bottom:var(--wp--preset--spacing--large);padding-left:var(--wp--preset--spacing--large)\">\n<h2 class=\"wp-block-heading has-medium-font-size\" style=\"margin-top:var(--wp--preset--spacing--xx-small);font-style:normal;font-weight:600\">Les chats adopt\u00e9s<\/h2>\n\n\n\n<p style=\"margin-top:var(--wp--preset--spacing--small)\">Lisez des nouvelles concernant les chats adopt\u00e9s via notre association.<\/p>\n\n\n\n<div class=\"wp-block-buttons is-layout-flex wp-block-buttons-is-layout-flex\" style=\"margin-top:var(--wp--preset--spacing--small)\">\n<div class=\"wp-block-button is-style-link-only\"><a class=\"wp-block-button__link has-primary-color has-text-color has-background wp-element-button\" href=\"\/index.php\/chats-adoptes\/\" style=\"background-color:#ffffff00;padding-top:0px;padding-right:0px;padding-bottom:0px;padding-left:0px\">Liste des chats adopt\u00e9s \u2192<\/a><\/div>\n<\/div>\n<\/div>\n<\/div>\n<\/div>\n<\/div>\n<\/div>\n\n\n\n<p><\/p>\n","protected":false},"excerpt":{"rendered":"<p>Organiser le sauvetage de chats Pour mieux prendre connaissance de nos activit\u00e9s, consulter la liste des sauvetages que nous r\u00e9alisons. Adopter un chat Consulter la liste des chats que nous proposons \u00e0 l&rsquo;adoption. Parrainer un chat Vous souhaitez nous soutenir en parrainant le chat de votre choix ? Les chats adopt\u00e9s Lisez des nouvelles concernant [&hellip;]<\/p>\n","protected":false},"author":1,"featured_media":0,"parent":0,"menu_order":0,"comment_status":"closed","ping_status":"closed","template":"","meta":{"footnotes":""},"class_list":["post-27","page","type-page","status-publish","hentry"],"_links":{"self":[{"href":"https:\/\/coeur-chats-mannes.fr\/index.php\/wp-json\/wp\/v2\/pages\/27","targetHints":{"allow":["GET"]}}],"collection":[{"href":"https:\/\/coeur-chats-mannes.fr\/index.php\/wp-json\/wp\/v2\/pages"}],"about":[{"href":"https:\/\/coeur-chats-mannes.fr\/index.php\/wp-json\/wp\/v2\/types\/page"}],"author":[{"embeddable":true,"href":"https:\/\/coeur-chats-mannes.fr\/index.php\/wp-json\/wp\/v2\/users\/1"}],"replies":[{"embeddable":true,"href":"https:\/\/coeur-chats-mannes.fr\/index.php\/wp-json\/wp\/v2\/comments?post=27"}],"version-history":[{"count":9,"href":"https:\/\/coeur-chats-mannes.fr\/index.php\/wp-json\/wp\/v2\/pages\/27\/revisions"}],"predecessor-version":[{"id":264,"href":"https:\/\/coeur-chats-mannes.fr\/index.php\/wp-json\/wp\/v2\/pages\/27\/revisions\/264"}],"wp:attachment":[{"href":"https:\/\/coeur-chats-mannes.fr\/index.php\/wp-json\/wp\/v2\/media?parent=27"}],"curies":[{"name":"wp","href":"https:\/\/api.w.org\/{rel}","templated":true}]}}