{"id":22,"date":"2025-05-14T22:41:54","date_gmt":"2025-05-14T20:41:54","guid":{"rendered":"https:\/\/coeur-chats-mannes.fr\/?page_id=22"},"modified":"2025-07-01T23:19:39","modified_gmt":"2025-07-01T21:19:39","slug":"chats-a-parrainer","status":"publish","type":"page","link":"https:\/\/coeur-chats-mannes.fr\/index.php\/chats-a-parrainer\/","title":{"rendered":"Chats \u00e0 parrainer"},"content":{"rendered":"\n<p><\/p>\n\n\n\n<h3 class=\"wp-block-heading\">En quoi consiste le parrainage d&rsquo;un chat ?<\/h3>\n\n\n\n<p>Un parrainage consiste \u00e0 soutenir l&rsquo;association en apportant une aide financi\u00e8re \u00e0 l&rsquo;alimentation, aux soins, au bien-\u00eatre, etc. d&rsquo;un ou plusieurs choix.<\/p>\n\n\n\n<p><\/p>\n\n\n\n<h3 class=\"wp-block-heading\">Comment demander \u00e0 parrainer un chat ?<\/h3>\n\n\n\n<p>Vous pouvez remplir et renvoyer <a href=\"\/index.php\/form-parrainage\">ce formulaire<\/a>. Nous vous r\u00e9pondrons dans les plus brefs d\u00e9lais.<\/p>\n\n\n\n<h3 class=\"wp-block-heading\">Chats \u00e0 parrainer<\/h3>\n\n\n\n<p>Voici la liste des chats \u00e0 parrainer :<\/p>\n\n\n\n<div class=\"wp-block-group alignfull has-transparent-background-color has-background has-global-padding is-layout-constrained wp-block-group-is-layout-constrained\" style=\"margin-top:0px;margin-bottom:0px;padding-top:var(--wp--preset--spacing--small);padding-bottom:var(--wp--preset--spacing--small)\">\n<div class=\"wp-block-group alignwide is-layout-flow wp-block-group-is-layout-flow\">\n<div class=\"wp-block-columns is-layout-flex wp-container-core-columns-is-layout-f619a8c7 wp-block-columns-is-layout-flex\">\n<div class=\"wp-block-column is-layout-flow wp-block-column-is-layout-flow\">\n<figure class=\"wp-block-image aligncenter size-full has-custom-border\"><img loading=\"lazy\" decoding=\"async\" width=\"456\" height=\"474\" src=\"http:\/\/coeur-chats-mannes.fr\/wp-content\/uploads\/2025\/05\/Capture-decran-2025-05-20-231720.png\" alt=\"\" class=\"wp-image-147\" style=\"border-radius:10px\" srcset=\"https:\/\/coeur-chats-mannes.fr\/wp-content\/uploads\/2025\/05\/Capture-decran-2025-05-20-231720.png 456w, https:\/\/coeur-chats-mannes.fr\/wp-content\/uploads\/2025\/05\/Capture-decran-2025-05-20-231720-289x300.png 289w\" sizes=\"auto, (max-width: 456px) 100vw, 456px\" \/><\/figure>\n\n\n\n<div class=\"wp-block-group has-global-padding is-layout-constrained wp-container-core-group-is-layout-7bc66994 wp-block-group-is-layout-constrained\">\n<h3 class=\"wp-block-heading has-text-align-center has-medium-font-size\">Amstrong<\/h3>\n\n\n\n<p class=\"has-text-align-center has-base-font-size\"><\/p>\n<\/div>\n<\/div>\n\n\n\n<div class=\"wp-block-column is-layout-flow wp-block-column-is-layout-flow\">\n<figure class=\"wp-block-image aligncenter size-full has-custom-border\"><img loading=\"lazy\" decoding=\"async\" width=\"456\" height=\"474\" src=\"http:\/\/coeur-chats-mannes.fr\/wp-content\/uploads\/2025\/05\/Capture-decran-2025-05-20-231720.png\" alt=\"\" class=\"wp-image-147\" style=\"border-radius:10px\" srcset=\"https:\/\/coeur-chats-mannes.fr\/wp-content\/uploads\/2025\/05\/Capture-decran-2025-05-20-231720.png 456w, https:\/\/coeur-chats-mannes.fr\/wp-content\/uploads\/2025\/05\/Capture-decran-2025-05-20-231720-289x300.png 289w\" sizes=\"auto, (max-width: 456px) 100vw, 456px\" \/><\/figure>\n\n\n\n<div class=\"wp-block-group has-global-padding is-layout-constrained wp-container-core-group-is-layout-7bc66994 wp-block-group-is-layout-constrained\">\n<h3 class=\"wp-block-heading has-text-align-center has-medium-font-size\">Ucr\u00e8ce<\/h3>\n\n\n\n<p class=\"has-text-align-center has-base-font-size\"><\/p>\n<\/div>\n<\/div>\n\n\n\n<div class=\"wp-block-column is-layout-flow wp-block-column-is-layout-flow\">\n<figure class=\"wp-block-image aligncenter size-full has-custom-border\"><img loading=\"lazy\" decoding=\"async\" width=\"456\" height=\"474\" src=\"http:\/\/coeur-chats-mannes.fr\/wp-content\/uploads\/2025\/05\/Capture-decran-2025-05-20-231720.png\" alt=\"\" class=\"wp-image-147\" style=\"border-radius:10px\" srcset=\"https:\/\/coeur-chats-mannes.fr\/wp-content\/uploads\/2025\/05\/Capture-decran-2025-05-20-231720.png 456w, https:\/\/coeur-chats-mannes.fr\/wp-content\/uploads\/2025\/05\/Capture-decran-2025-05-20-231720-289x300.png 289w\" sizes=\"auto, (max-width: 456px) 100vw, 456px\" \/><\/figure>\n\n\n\n<div class=\"wp-block-group has-global-padding is-layout-constrained wp-container-core-group-is-layout-7bc66994 wp-block-group-is-layout-constrained\">\n<h3 class=\"wp-block-heading has-text-align-center has-medium-font-size\">P&rsquo;tit B\u00e9b\u00e9<\/h3>\n\n\n\n<p class=\"has-text-align-center has-base-font-size\"><\/p>\n<\/div>\n<\/div>\n\n\n\n<div class=\"wp-block-column is-layout-flow wp-block-column-is-layout-flow\">\n<figure class=\"wp-block-image aligncenter size-full has-custom-border\"><img loading=\"lazy\" decoding=\"async\" width=\"456\" height=\"474\" src=\"http:\/\/coeur-chats-mannes.fr\/wp-content\/uploads\/2025\/05\/Capture-decran-2025-05-20-231720.png\" alt=\"\" class=\"wp-image-147\" style=\"border-radius:10px\" srcset=\"https:\/\/coeur-chats-mannes.fr\/wp-content\/uploads\/2025\/05\/Capture-decran-2025-05-20-231720.png 456w, https:\/\/coeur-chats-mannes.fr\/wp-content\/uploads\/2025\/05\/Capture-decran-2025-05-20-231720-289x300.png 289w\" sizes=\"auto, (max-width: 456px) 100vw, 456px\" \/><\/figure>\n\n\n\n<div class=\"wp-block-group has-global-padding is-layout-constrained wp-container-core-group-is-layout-7bc66994 wp-block-group-is-layout-constrained\">\n<h3 class=\"wp-block-heading has-text-align-center has-medium-font-size\">Papa P<\/h3>\n\n\n\n<p class=\"has-text-align-center has-base-font-size\"><\/p>\n<\/div>\n<\/div>\n<\/div>\n<\/div>\n<\/div>\n\n\n\n<div class=\"wp-block-group alignwide is-layout-flow wp-block-group-is-layout-flow\">\n<div class=\"wp-block-columns is-layout-flex wp-container-core-columns-is-layout-f619a8c7 wp-block-columns-is-layout-flex\">\n<div class=\"wp-block-column is-layout-flow wp-block-column-is-layout-flow\">\n<figure class=\"wp-block-image aligncenter size-full has-custom-border\"><img loading=\"lazy\" decoding=\"async\" width=\"456\" height=\"474\" src=\"http:\/\/coeur-chats-mannes.fr\/wp-content\/uploads\/2025\/05\/Capture-decran-2025-05-20-231720.png\" alt=\"\" class=\"wp-image-147\" style=\"border-radius:10px\" srcset=\"https:\/\/coeur-chats-mannes.fr\/wp-content\/uploads\/2025\/05\/Capture-decran-2025-05-20-231720.png 456w, https:\/\/coeur-chats-mannes.fr\/wp-content\/uploads\/2025\/05\/Capture-decran-2025-05-20-231720-289x300.png 289w\" sizes=\"auto, (max-width: 456px) 100vw, 456px\" \/><\/figure>\n\n\n\n<div class=\"wp-block-group has-global-padding is-layout-constrained wp-container-core-group-is-layout-7bc66994 wp-block-group-is-layout-constrained\">\n<h3 class=\"wp-block-heading has-text-align-center has-medium-font-size\">C\u00e2line<\/h3>\n\n\n\n<p class=\"has-text-align-center has-base-font-size\"><\/p>\n<\/div>\n<\/div>\n\n\n\n<div class=\"wp-block-column is-layout-flow wp-block-column-is-layout-flow\">\n<figure class=\"wp-block-image aligncenter size-full has-custom-border\"><img loading=\"lazy\" decoding=\"async\" width=\"456\" height=\"474\" src=\"http:\/\/coeur-chats-mannes.fr\/wp-content\/uploads\/2025\/05\/Capture-decran-2025-05-20-231720.png\" alt=\"\" class=\"wp-image-147\" style=\"border-radius:10px\" srcset=\"https:\/\/coeur-chats-mannes.fr\/wp-content\/uploads\/2025\/05\/Capture-decran-2025-05-20-231720.png 456w, https:\/\/coeur-chats-mannes.fr\/wp-content\/uploads\/2025\/05\/Capture-decran-2025-05-20-231720-289x300.png 289w\" sizes=\"auto, (max-width: 456px) 100vw, 456px\" \/><\/figure>\n\n\n\n<div class=\"wp-block-group has-global-padding is-layout-constrained wp-container-core-group-is-layout-7bc66994 wp-block-group-is-layout-constrained\">\n<h3 class=\"wp-block-heading has-text-align-center has-medium-font-size\">Alberto<\/h3>\n\n\n\n<p class=\"has-text-align-center has-base-font-size\"><\/p>\n<\/div>\n<\/div>\n\n\n\n<div class=\"wp-block-column is-layout-flow wp-block-column-is-layout-flow\">\n<div class=\"wp-block-group has-global-padding is-layout-constrained wp-container-core-group-is-layout-7bc66994 wp-block-group-is-layout-constrained\">\n<h3 class=\"wp-block-heading has-text-align-center has-medium-font-size\"><\/h3>\n\n\n\n<p class=\"has-text-align-center has-base-font-size\"><\/p>\n<\/div>\n<\/div>\n\n\n\n<div class=\"wp-block-column is-layout-flow wp-block-column-is-layout-flow\">\n<div class=\"wp-block-group has-global-padding is-layout-constrained wp-container-core-group-is-layout-7bc66994 wp-block-group-is-layout-constrained\">\n<h3 class=\"wp-block-heading has-text-align-center has-medium-font-size\"><\/h3>\n\n\n\n<p class=\"has-text-align-center has-base-font-size\"><\/p>\n<\/div>\n<\/div>\n<\/div>\n<\/div>\n\n\n\n<p><\/p>\n\n\n\n<p><\/p>\n\n\n\n<p><\/p>\n","protected":false},"excerpt":{"rendered":"<p>En quoi consiste le parrainage d&rsquo;un chat ? Un parrainage consiste \u00e0 soutenir l&rsquo;association en apportant une aide financi\u00e8re \u00e0 l&rsquo;alimentation, aux soins, au bien-\u00eatre, etc. d&rsquo;un ou plusieurs choix. Comment demander \u00e0 parrainer un chat ? Vous pouvez remplir et renvoyer ce formulaire. Nous vous r\u00e9pondrons dans les plus brefs d\u00e9lais. Chats \u00e0 parrainer [&hellip;]<\/p>\n","protected":false},"author":1,"featured_media":0,"parent":0,"menu_order":0,"comment_status":"closed","ping_status":"closed","template":"","meta":{"footnotes":""},"class_list":["post-22","page","type-page","status-publish","hentry"],"_links":{"self":[{"href":"https:\/\/coeur-chats-mannes.fr\/index.php\/wp-json\/wp\/v2\/pages\/22","targetHints":{"allow":["GET"]}}],"collection":[{"href":"https:\/\/coeur-chats-mannes.fr\/index.php\/wp-json\/wp\/v2\/pages"}],"about":[{"href":"https:\/\/coeur-chats-mannes.fr\/index.php\/wp-json\/wp\/v2\/types\/page"}],"author":[{"embeddable":true,"href":"https:\/\/coeur-chats-mannes.fr\/index.php\/wp-json\/wp\/v2\/users\/1"}],"replies":[{"embeddable":true,"href":"https:\/\/coeur-chats-mannes.fr\/index.php\/wp-json\/wp\/v2\/comments?post=22"}],"version-history":[{"count":12,"href":"https:\/\/coeur-chats-mannes.fr\/index.php\/wp-json\/wp\/v2\/pages\/22\/revisions"}],"predecessor-version":[{"id":391,"href":"https:\/\/coeur-chats-mannes.fr\/index.php\/wp-json\/wp\/v2\/pages\/22\/revisions\/391"}],"wp:attachment":[{"href":"https:\/\/coeur-chats-mannes.fr\/index.php\/wp-json\/wp\/v2\/media?parent=22"}],"curies":[{"name":"wp","href":"https:\/\/api.w.org\/{rel}","templated":true}]}}