{"id":179,"date":"2025-05-28T19:21:44","date_gmt":"2025-05-28T17:21:44","guid":{"rendered":"https:\/\/coeur-chats-mannes.fr\/?page_id=179"},"modified":"2025-05-28T19:23:39","modified_gmt":"2025-05-28T17:23:39","slug":"chats-adoptes","status":"publish","type":"page","link":"https:\/\/coeur-chats-mannes.fr\/index.php\/chats-adoptes\/","title":{"rendered":"Les chats adopt\u00e9s"},"content":{"rendered":"\n<p>Voici la liste des chats qui ont \u00e9t\u00e9 adopt\u00e9s via notre association :<\/p>\n","protected":false},"excerpt":{"rendered":"<p>Voici la liste des chats qui ont \u00e9t\u00e9 adopt\u00e9s via notre association :<\/p>\n","protected":false},"author":1,"featured_media":0,"parent":0,"menu_order":0,"comment_status":"closed","ping_status":"closed","template":"","meta":{"footnotes":""},"class_list":["post-179","page","type-page","status-publish","hentry"],"_links":{"self":[{"href":"https:\/\/coeur-chats-mannes.fr\/index.php\/wp-json\/wp\/v2\/pages\/179","targetHints":{"allow":["GET"]}}],"collection":[{"href":"https:\/\/coeur-chats-mannes.fr\/index.php\/wp-json\/wp\/v2\/pages"}],"about":[{"href":"https:\/\/coeur-chats-mannes.fr\/index.php\/wp-json\/wp\/v2\/types\/page"}],"author":[{"embeddable":true,"href":"https:\/\/coeur-chats-mannes.fr\/index.php\/wp-json\/wp\/v2\/users\/1"}],"replies":[{"embeddable":true,"href":"https:\/\/coeur-chats-mannes.fr\/index.php\/wp-json\/wp\/v2\/comments?post=179"}],"version-history":[{"count":2,"href":"https:\/\/coeur-chats-mannes.fr\/index.php\/wp-json\/wp\/v2\/pages\/179\/revisions"}],"predecessor-version":[{"id":182,"href":"https:\/\/coeur-chats-mannes.fr\/index.php\/wp-json\/wp\/v2\/pages\/179\/revisions\/182"}],"wp:attachment":[{"href":"https:\/\/coeur-chats-mannes.fr\/index.php\/wp-json\/wp\/v2\/media?parent=179"}],"curies":[{"name":"wp","href":"https:\/\/api.w.org\/{rel}","templated":true}]}}