{"id":161,"date":"2025-05-28T17:51:31","date_gmt":"2025-05-28T15:51:31","guid":{"rendered":"https:\/\/coeur-chats-mannes.fr\/?page_id=161"},"modified":"2025-06-30T19:35:13","modified_gmt":"2025-06-30T17:35:13","slug":"a-propos-apollon","status":"publish","type":"page","link":"https:\/\/coeur-chats-mannes.fr\/index.php\/a-propos-apollon\/","title":{"rendered":"A propos d&rsquo;Apollon"},"content":{"rendered":"\n<div class=\"wp-block-group is-nowrap is-layout-flex wp-container-core-group-is-layout-6c531013 wp-block-group-is-layout-flex\">\n<figure class=\"wp-block-image size-full is-resized\"><img loading=\"lazy\" decoding=\"async\" width=\"456\" height=\"474\" src=\"http:\/\/coeur-chats-mannes.fr\/wp-content\/uploads\/2025\/05\/Capture-decran-2025-05-20-231720.png\" alt=\"\" class=\"wp-image-147\" style=\"width:274px;height:auto\" srcset=\"https:\/\/coeur-chats-mannes.fr\/wp-content\/uploads\/2025\/05\/Capture-decran-2025-05-20-231720.png 456w, https:\/\/coeur-chats-mannes.fr\/wp-content\/uploads\/2025\/05\/Capture-decran-2025-05-20-231720-289x300.png 289w\" sizes=\"auto, (max-width: 456px) 100vw, 456px\" \/><\/figure>\n\n\n\n<p>Nom : APOLLON<br>Lieu de r\u00e9sidence : Cordemais<br>Age : 7 ans<br>Genre : m\u00e2le<br><br>FIV : test\u00e9 positif, test\u00e9 n\u00e9gatif, non test\u00e9<br>FELV : test\u00e9 positif, test\u00e9 n\u00e9gatif, non test\u00e9<br><br>Identifi\u00e9 : puc\u00e9, tatou\u00e9, non identifi\u00e9<\/p>\n<\/div>\n\n\n\n<p><\/p>\n\n\n\n<h3 class=\"wp-block-heading\">Caract\u00e9ristiques<\/h3>\n\n\n\n<ul class=\"wp-block-list\">\n<li>Tr\u00e8s affectueux<\/li>\n\n\n\n<li>Tr\u00e8s joueur<\/li>\n\n\n\n<li>Aime manger des p\u00e2t\u00e9es \u00e0 la viande ou au poisson<\/li>\n<\/ul>\n\n\n\n<p><\/p>\n\n\n\n<h3 class=\"wp-block-heading\">Plus de d\u00e9tail<\/h3>\n\n\n\n<p>Apollon a \u00e9t\u00e9 trouv\u00e9 errant dans la rue \u00e0 l&rsquo;\u00e2ge de 6 ans. Dans un \u00e9tat tr\u00e8s amaigri, atteint d&rsquo;un coryza, il a \u00e9t\u00e9 h\u00e9berg\u00e9 au sein d&rsquo;une famille d&rsquo;accueil avec deux autres chats, avec lesquels il s&rsquo;est bien entendu.<\/p>\n\n\n\n<p>Il aime jouer avec un plumeau, son jeu pr\u00e9f\u00e9r\u00e9. Cela lui permet de r\u00e9aliser une partie de son activit\u00e9 physique de la journ\u00e9e.<\/p>\n\n\n\n<p>Il aime dormir sur les jambes ou \u00e0 proximit\u00e9 de son(sa) adoptant(e). Il ronronne tr\u00e8s facilement d\u00e8s les premi\u00e8res caresses.<\/p>\n","protected":false},"excerpt":{"rendered":"<p>Nom : APOLLONLieu de r\u00e9sidence : CordemaisAge : 7 ansGenre : m\u00e2le FIV : test\u00e9 positif, test\u00e9 n\u00e9gatif, non test\u00e9FELV : test\u00e9 positif, test\u00e9 n\u00e9gatif, non test\u00e9 Identifi\u00e9 : puc\u00e9, tatou\u00e9, non identifi\u00e9 Caract\u00e9ristiques Plus de d\u00e9tail Apollon a \u00e9t\u00e9 trouv\u00e9 errant dans la rue \u00e0 l&rsquo;\u00e2ge de 6 ans. Dans un \u00e9tat tr\u00e8s amaigri, [&hellip;]<\/p>\n","protected":false},"author":1,"featured_media":0,"parent":0,"menu_order":0,"comment_status":"closed","ping_status":"closed","template":"","meta":{"footnotes":""},"class_list":["post-161","page","type-page","status-publish","hentry"],"_links":{"self":[{"href":"https:\/\/coeur-chats-mannes.fr\/index.php\/wp-json\/wp\/v2\/pages\/161","targetHints":{"allow":["GET"]}}],"collection":[{"href":"https:\/\/coeur-chats-mannes.fr\/index.php\/wp-json\/wp\/v2\/pages"}],"about":[{"href":"https:\/\/coeur-chats-mannes.fr\/index.php\/wp-json\/wp\/v2\/types\/page"}],"author":[{"embeddable":true,"href":"https:\/\/coeur-chats-mannes.fr\/index.php\/wp-json\/wp\/v2\/users\/1"}],"replies":[{"embeddable":true,"href":"https:\/\/coeur-chats-mannes.fr\/index.php\/wp-json\/wp\/v2\/comments?post=161"}],"version-history":[{"count":3,"href":"https:\/\/coeur-chats-mannes.fr\/index.php\/wp-json\/wp\/v2\/pages\/161\/revisions"}],"predecessor-version":[{"id":388,"href":"https:\/\/coeur-chats-mannes.fr\/index.php\/wp-json\/wp\/v2\/pages\/161\/revisions\/388"}],"wp:attachment":[{"href":"https:\/\/coeur-chats-mannes.fr\/index.php\/wp-json\/wp\/v2\/media?parent=161"}],"curies":[{"name":"wp","href":"https:\/\/api.w.org\/{rel}","templated":true}]}}